{"id":17029,"date":"2023-06-12T22:24:54","date_gmt":"2023-06-12T20:24:54","guid":{"rendered":"https:\/\/doysa-agri.com\/?post_type=product&#038;p=17029"},"modified":"2024-05-30T17:03:09","modified_gmt":"2024-05-30T15:03:09","slug":"ferris-null-wendekreis-maeher-is-2100-132-cm-modell-2022","status":"publish","type":"product","link":"https:\/\/doysa-agri.com\/index.php\/produkt\/ferris-null-wendekreis-maeher-is-2100-132-cm-modell-2022\/","title":{"rendered":"Ferris Null-Wendekreis M\u00e4her IS 2100 132 cm &#8211; Modell 2022"},"content":{"rendered":"<h2>Vorteile<\/h2>\n<div>\n<div class=\"table-wrapper\">\n<table class=\"UserAttributes\">\n<tbody>\n<tr class=\"PSR1\">\n<td class=\"AttributeLabel VerticalAlignMiddle\" style=\"width: 0px;\"><\/td>\n<td class=\"AttributeContent\">besonders laufruhiger, vibrationsarmer und langlebiger Motor durch 2-Zylinder-Technik<\/td>\n<\/tr>\n<tr class=\"PSR2\">\n<td class=\"AttributeLabel VerticalAlignMiddle\" style=\"width: 0px;\"><\/td>\n<td class=\"AttributeContent\">auch zum Mulchen geeignet dank im Lieferumfang enthaltenem Mulchkit<\/td>\n<\/tr>\n<tr class=\"PSR3\">\n<td class=\"AttributeLabel VerticalAlignMiddle\" style=\"width: 0px;\"><\/td>\n<td class=\"AttributeContent\">bequemes Anlassen des Motors per Z\u00fcndschl\u00fcssel<\/td>\n<\/tr>\n<tr class=\"PSR4\">\n<td class=\"AttributeLabel VerticalAlignMiddle\" style=\"width: 0px;\"><\/td>\n<td class=\"AttributeContent\">Zuverl\u00e4ssiger Motor von Briggs &amp; Stratton, dem gr\u00f6\u00dften Hersteller weltweit von luftgek\u00fchlten Ottomotoren.<\/td>\n<\/tr>\n<tr class=\"PSR5\">\n<td class=\"AttributeLabel VerticalAlignMiddle\" style=\"width: 0px;\"><\/td>\n<td class=\"AttributeContent\">Beim Mulchen wird das Schnittgut so klein geh\u00e4ckselt, dass es als nat\u00fcrlicher, biologischer D\u00fcnger auf der gem\u00e4hten Fl\u00e4che verbleiben kann. Besonders vorteilhaft in wachstumsstarken Perioden, da Entsorgung des Schnittguts entf\u00e4llt.<\/td>\n<\/tr>\n<\/tbody>\n<\/table>\n<\/div>\n<\/div>\n<p>&nbsp;<\/p>\n<style type=\"text\/css\">\n\t.AttributeGroupHeader{font-weight:bold !important; font-size:16px; padding-top:25px !important;}<br \/>\n\t.AttributeIndent{max-width:50px !important;}<br \/>\n\t.AttributeName{font-weight:bold !important; max-width:400px !important}<br \/>\n\t.AttributeBorder{border-bottom:1px solid #CCCCCC !important;}<br \/>\n\t.HBOUserAttributes{border-spacing: 0px !important;}<br \/>\n\t.HBOUserAttributes td{line-height:180% !important;}<br \/>\n<\/style>\n<h2>Technische Daten<\/h2>\n<div class=\"table-wrapper\">\n<table class=\"HBOUserAttributes\">\n<tbody>\n<tr>\n<td class=\"AttributeGroupHeader\" colspan=\"2\">Motor &amp; Ausstattung<\/td>\n<\/tr>\n<tr>\n<td class=\"AttributeName VerticalAlignMiddle AttributeBorder\">Marke Motor<\/td>\n<td class=\"AttributeContent AttributeBorder\">Briggs &amp; Stratton<\/td>\n<\/tr>\n<tr>\n<td class=\"AttributeName VerticalAlignMiddle AttributeBorder\">Motorbezeichnung<\/td>\n<td class=\"AttributeContent AttributeBorder\">Vanguard\u00ae<\/td>\n<\/tr>\n<tr>\n<td class=\"AttributeName VerticalAlignMiddle AttributeBorder\">Motor<\/td>\n<td class=\"AttributeContent AttributeBorder\">4-Takt OHV Benzin-Motor<\/td>\n<\/tr>\n<tr>\n<td class=\"AttributeName VerticalAlignMiddle AttributeBorder\">Anzahl Zylinder<\/td>\n<td class=\"AttributeContent AttributeBorder\">2<\/td>\n<\/tr>\n<tr>\n<td class=\"AttributeName VerticalAlignMiddle AttributeBorder\">Hubraum<\/td>\n<td class=\"AttributeContent AttributeBorder\">810 cm\u00b3<\/td>\n<\/tr>\n<tr>\n<td class=\"AttributeName VerticalAlignMiddle AttributeBorder\">Motorleistung<\/td>\n<td class=\"AttributeContent AttributeBorder\">20,9 kW \/ 28 PS bei 3600 U\/Min<\/td>\n<\/tr>\n<tr>\n<td class=\"AttributeName VerticalAlignMiddle AttributeBorder\">Kraftstoff<\/td>\n<td class=\"AttributeContent AttributeBorder\">Benzin<\/td>\n<\/tr>\n<tr>\n<td class=\"AttributeName VerticalAlignMiddle AttributeBorder\">Elektrostart<\/td>\n<td class=\"AttributeContent AttributeBorder\">ja<\/td>\n<\/tr>\n<tr>\n<td class=\"AttributeName VerticalAlignMiddle AttributeBorder\">Kraftstofftank<\/td>\n<td class=\"AttributeContent AttributeBorder\">42 Liter<\/td>\n<\/tr>\n<tr>\n<td class=\"AttributeName VerticalAlignMiddle AttributeBorder\">Lenkart<\/td>\n<td class=\"AttributeContent AttributeBorder\">Zwei-Hebel-Lenkung<\/td>\n<\/tr>\n<tr>\n<td class=\"AttributeName VerticalAlignMiddle AttributeBorder\">Lenkungsmechanismus<\/td>\n<td class=\"AttributeContent AttributeBorder\">Null-Wendekreis<\/td>\n<\/tr>\n<tr>\n<td class=\"AttributeName VerticalAlignMiddle AttributeBorder\">K\u00fchlsystem<\/td>\n<td class=\"AttributeContent AttributeBorder\">luftgek\u00fchlt<\/td>\n<\/tr>\n<tr>\n<td class=\"AttributeName VerticalAlignMiddle AttributeBorder\">Anzahl G\u00e4nge (V\/R)<\/td>\n<td class=\"AttributeContent AttributeBorder\">stufenlos<\/td>\n<\/tr>\n<tr>\n<td class=\"AttributeName VerticalAlignMiddle AttributeBorder\">Geschwindigkeit r\u00fcckw\u00e4rts<\/td>\n<td class=\"AttributeContent AttributeBorder\">0 &#8211; 8,0 km\/h<\/td>\n<\/tr>\n<tr>\n<td class=\"AttributeName VerticalAlignMiddle AttributeBorder\">Getriebe<\/td>\n<td class=\"AttributeContent AttributeBorder\">Unabh\u00e4ngige Hydro-Gear\u00ae ZT-3400\u00ae Achsgetriebe<\/td>\n<\/tr>\n<tr>\n<td class=\"AttributeName VerticalAlignMiddle AttributeBorder\">Kraftstofff\u00fcllstandanzeige<\/td>\n<td class=\"AttributeContent AttributeBorder\">ja<\/td>\n<\/tr>\n<tr>\n<td class=\"AttributeName VerticalAlignMiddle AttributeBorder\">Max. Geschwindigkeit<\/td>\n<td class=\"AttributeContent AttributeBorder\">18 km\/h<\/td>\n<\/tr>\n<tr>\n<td class=\"AttributeName VerticalAlignMiddle AttributeBorder\">Reifengr\u00f6\u00dfe vorne<\/td>\n<td class=\"AttributeContent AttributeBorder\">24&#215;12,00-12<\/td>\n<\/tr>\n<tr>\n<td class=\"AttributeName VerticalAlignMiddle AttributeBorder\">Reifengr\u00f6\u00dfe hinten<\/td>\n<td class=\"AttributeContent AttributeBorder\">13&#215;6,50-6<\/td>\n<\/tr>\n<tr>\n<td class=\"AttributeName VerticalAlignMiddle AttributeBorder\">Reifenprofil<\/td>\n<td class=\"AttributeContent AttributeBorder\">Rasenprofil<\/td>\n<\/tr>\n<tr>\n<td class=\"AttributeName VerticalAlignMiddle AttributeBorder\">Wendekreis<\/td>\n<td class=\"AttributeContent AttributeBorder\">0 cm<\/td>\n<\/tr>\n<tr>\n<td class=\"AttributeGroupHeader\" colspan=\"2\">M\u00e4hdaten<\/td>\n<\/tr>\n<tr>\n<td class=\"AttributeName VerticalAlignMiddle AttributeBorder\">max. Fl\u00e4che<\/td>\n<td class=\"AttributeContent AttributeBorder\">22300 m\u00b2<\/td>\n<\/tr>\n<tr>\n<td class=\"AttributeName VerticalAlignMiddle AttributeBorder\">Schnittbreite<\/td>\n<td class=\"AttributeContent AttributeBorder\">155 cm<\/td>\n<\/tr>\n<tr>\n<td class=\"AttributeName VerticalAlignMiddle AttributeBorder\">Anzahl Messer<\/td>\n<td class=\"AttributeContent AttributeBorder\">3<\/td>\n<\/tr>\n<tr>\n<td class=\"AttributeName VerticalAlignMiddle AttributeBorder\">Schnitth\u00f6hen<\/td>\n<td class=\"AttributeContent AttributeBorder\">38-127 mm<\/td>\n<\/tr>\n<tr>\n<td class=\"AttributeName VerticalAlignMiddle AttributeBorder\">Schnitth\u00f6henverstellung<\/td>\n<td class=\"AttributeContent AttributeBorder\">zentral per Fu\u00dfpedal<\/td>\n<\/tr>\n<tr>\n<td class=\"AttributeName VerticalAlignMiddle AttributeBorder\">M\u00e4hmethoden<\/td>\n<td class=\"AttributeContent AttributeBorder\">Konfigurierbares M\u00e4hwerk f\u00fcr Heckauswurf, Seitenauswurf und Mulchen<\/td>\n<\/tr>\n<tr>\n<td class=\"AttributeName VerticalAlignMiddle AttributeBorder\">Mulchkit<\/td>\n<td class=\"AttributeContent AttributeBorder\">im Lieferumfang enthalten<\/td>\n<\/tr>\n<tr>\n<td class=\"AttributeName VerticalAlignMiddle AttributeBorder\">Fangen<\/td>\n<td class=\"AttributeContent AttributeBorder\">nein<\/td>\n<\/tr>\n<tr>\n<td class=\"AttributeName VerticalAlignMiddle AttributeBorder\">Heckauswurf-Schwadablage<\/td>\n<td class=\"AttributeContent AttributeBorder\">ja<\/td>\n<\/tr>\n<tr>\n<td class=\"AttributeName VerticalAlignMiddle AttributeBorder\">Seitenauswurf<\/td>\n<td class=\"AttributeContent AttributeBorder\">ja<\/td>\n<\/tr>\n<tr>\n<td class=\"AttributeName VerticalAlignMiddle AttributeBorder\">M\u00e4hwerkstyp<\/td>\n<td class=\"AttributeContent AttributeBorder\">TRIPLE iCD\u2122<\/td>\n<\/tr>\n<tr>\n<td class=\"AttributeName VerticalAlignMiddle AttributeBorder\">M\u00e4hen im R\u00fcckw\u00e4rtsgang<\/td>\n<td class=\"AttributeContent AttributeBorder\">ja<\/td>\n<\/tr>\n<tr>\n<td class=\"AttributeGroupHeader\" colspan=\"2\">Komfort<\/td>\n<\/tr>\n<tr>\n<td class=\"AttributeName VerticalAlignMiddle AttributeBorder\">Sitz<\/td>\n<td class=\"AttributeContent AttributeBorder\">Sitz mit halbhoher R\u00fcckenlehne, gepolsterten Armlehnen und integriertem, aufrollbarem Sicherheitsgurt<\/td>\n<\/tr>\n<tr>\n<td class=\"AttributeName VerticalAlignMiddle AttributeBorder\">Schutzb\u00fcgel<\/td>\n<td class=\"AttributeContent AttributeBorder\">ja, klappbar<\/td>\n<\/tr>\n<tr>\n<td class=\"AttributeName VerticalAlignMiddle AttributeBorder\">Betriebsstundenz\u00e4hler<\/td>\n<td class=\"AttributeContent AttributeBorder\">ja<\/td>\n<\/tr>\n<tr>\n<td class=\"AttributeGroupHeader\" colspan=\"2\">Lieferumfang<\/td>\n<\/tr>\n<tr>\n<td class=\"AttributeName VerticalAlignMiddle AttributeBorder\">Grundger\u00e4t<\/td>\n<td class=\"AttributeContent AttributeBorder\">1<\/td>\n<\/tr>\n<tr>\n<td class=\"AttributeName VerticalAlignMiddle AttributeBorder\">Z\u00fcndschl\u00fcssel<\/td>\n<td class=\"AttributeContent AttributeBorder\">2<\/td>\n<\/tr>\n<tr>\n<td class=\"AttributeName VerticalAlignMiddle AttributeBorder\">Bedienungsanleitung Ger\u00e4t<\/td>\n<td class=\"AttributeContent AttributeBorder\">1<\/td>\n<\/tr>\n<tr>\n<td class=\"AttributeGroupHeader\" colspan=\"2\">Umwelt, Ma\u00dfe und Gewicht<\/td>\n<\/tr>\n<tr>\n<td class=\"AttributeName VerticalAlignMiddle AttributeBorder\">Gewicht<\/td>\n<td class=\"AttributeContent AttributeBorder\">639 kg<\/td>\n<\/tr>\n<tr>\n<td class=\"AttributeName VerticalAlignMiddle AttributeBorder\">Abmessungen (L x B x H)<\/td>\n<td class=\"AttributeContent AttributeBorder\">214x168x120 cm<\/td>\n<\/tr>\n<tr>\n<td class=\"AttributeName VerticalAlignMiddle AttributeBorder\">Garantie<\/td>\n<td class=\"AttributeContent AttributeBorder\">2 Jahre bei ausschlie\u00dflich privater Nutzung, 1 Jahr bei gewerblicher Nutzung<\/td>\n<\/tr>\n<tr>\n<td class=\"AttributeGroupHeader\" colspan=\"2\">Artikel-Nr \/ EAN<\/td>\n<\/tr>\n<tr>\n<td class=\"AttributeName VerticalAlignMiddle AttributeBorder\">Artikel-Nr.:<\/td>\n<td class=\"AttributeContent AttributeBorder\">55.4435<\/td>\n<\/tr>\n<tr>\n<td class=\"AttributeName VerticalAlignMiddle AttributeBorder\">EAN:<\/td>\n<td class=\"AttributeContent AttributeBorder\"><\/td>\n<\/tr>\n<\/tbody>\n<\/table>\n<\/div>\n","protected":false},"excerpt":{"rendered":"<p>132 cm Schnittbreite \u2022<\/p>\n","protected":false},"featured_media":17030,"comment_status":"open","ping_status":"closed","template":"","meta":[],"product_brand":[],"product_cat":[88],"product_tag":[],"class_list":{"0":"post-17029","1":"product","2":"type-product","3":"status-publish","4":"has-post-thumbnail","6":"product_cat-rasentraktoren","8":"first","9":"instock","10":"sale","11":"taxable","12":"shipping-taxable","13":"purchasable","14":"product-type-simple"},"yoast_head":"<!-- This site is optimized with the Yoast SEO plugin v26.0 - https:\/\/yoast.com\/wordpress\/plugins\/seo\/ -->\n<title>Ferris Null-Wendekreis M\u00e4her IS 2100 132 cm - Modell 2022 - Doysa Landwirtschaft<\/title>\n<meta name=\"robots\" content=\"index, follow, max-snippet:-1, max-image-preview:large, max-video-preview:-1\" \/>\n<link rel=\"canonical\" href=\"https:\/\/doysa-agri.com\/index.php\/produkt\/ferris-null-wendekreis-maeher-is-2100-132-cm-modell-2022\/\" \/>\n<meta property=\"og:locale\" content=\"de_DE\" \/>\n<meta property=\"og:type\" content=\"article\" \/>\n<meta property=\"og:title\" content=\"Ferris Null-Wendekreis M\u00e4her IS 2100 132 cm - Modell 2022 - Doysa Landwirtschaft\" \/>\n<meta property=\"og:description\" content=\"132 cm Schnittbreite \u2022\" \/>\n<meta property=\"og:url\" content=\"https:\/\/doysa-agri.com\/index.php\/produkt\/ferris-null-wendekreis-maeher-is-2100-132-cm-modell-2022\/\" \/>\n<meta property=\"og:site_name\" content=\"Doysa Landwirtschaft\" \/>\n<meta property=\"article:modified_time\" content=\"2024-05-30T15:03:09+00:00\" \/>\n<meta property=\"og:image\" content=\"https:\/\/doysa-agri.com\/wp-content\/uploads\/2024\/05\/Ferris_IS_2100_132_cm_20211226_1800x1800.jpg\" \/>\n\t<meta property=\"og:image:width\" content=\"1262\" \/>\n\t<meta property=\"og:image:height\" content=\"1160\" \/>\n\t<meta property=\"og:image:type\" content=\"image\/jpeg\" \/>\n<meta name=\"twitter:card\" content=\"summary_large_image\" \/>\n<meta name=\"twitter:label1\" content=\"Gesch\u00e4tzte Lesezeit\" \/>\n\t<meta name=\"twitter:data1\" content=\"1\u00a0Minute\" \/>\n<script type=\"application\/ld+json\" class=\"yoast-schema-graph\">{\"@context\":\"https:\/\/schema.org\",\"@graph\":[{\"@type\":\"WebPage\",\"@id\":\"https:\/\/doysa-agri.com\/index.php\/produkt\/ferris-null-wendekreis-maeher-is-2100-132-cm-modell-2022\/\",\"url\":\"https:\/\/doysa-agri.com\/index.php\/produkt\/ferris-null-wendekreis-maeher-is-2100-132-cm-modell-2022\/\",\"name\":\"Ferris Null-Wendekreis M\u00e4her IS 2100 132 cm - Modell 2022 - Doysa Landwirtschaft\",\"isPartOf\":{\"@id\":\"https:\/\/doysa-agri.com\/#website\"},\"primaryImageOfPage\":{\"@id\":\"https:\/\/doysa-agri.com\/index.php\/produkt\/ferris-null-wendekreis-maeher-is-2100-132-cm-modell-2022\/#primaryimage\"},\"image\":{\"@id\":\"https:\/\/doysa-agri.com\/index.php\/produkt\/ferris-null-wendekreis-maeher-is-2100-132-cm-modell-2022\/#primaryimage\"},\"thumbnailUrl\":\"https:\/\/doysa-agri.com\/wp-content\/uploads\/2024\/05\/Ferris_IS_2100_132_cm_20211226_1800x1800.jpg\",\"datePublished\":\"2023-06-12T20:24:54+00:00\",\"dateModified\":\"2024-05-30T15:03:09+00:00\",\"breadcrumb\":{\"@id\":\"https:\/\/doysa-agri.com\/index.php\/produkt\/ferris-null-wendekreis-maeher-is-2100-132-cm-modell-2022\/#breadcrumb\"},\"inLanguage\":\"de\",\"potentialAction\":[{\"@type\":\"ReadAction\",\"target\":[\"https:\/\/doysa-agri.com\/index.php\/produkt\/ferris-null-wendekreis-maeher-is-2100-132-cm-modell-2022\/\"]}]},{\"@type\":\"ImageObject\",\"inLanguage\":\"de\",\"@id\":\"https:\/\/doysa-agri.com\/index.php\/produkt\/ferris-null-wendekreis-maeher-is-2100-132-cm-modell-2022\/#primaryimage\",\"url\":\"https:\/\/doysa-agri.com\/wp-content\/uploads\/2024\/05\/Ferris_IS_2100_132_cm_20211226_1800x1800.jpg\",\"contentUrl\":\"https:\/\/doysa-agri.com\/wp-content\/uploads\/2024\/05\/Ferris_IS_2100_132_cm_20211226_1800x1800.jpg\",\"width\":1262,\"height\":1160},{\"@type\":\"BreadcrumbList\",\"@id\":\"https:\/\/doysa-agri.com\/index.php\/produkt\/ferris-null-wendekreis-maeher-is-2100-132-cm-modell-2022\/#breadcrumb\",\"itemListElement\":[{\"@type\":\"ListItem\",\"position\":1,\"name\":\"Accueil\",\"item\":\"https:\/\/doysa-agri.com\/\"},{\"@type\":\"ListItem\",\"position\":2,\"name\":\"Shop\",\"item\":\"https:\/\/doysa-agri.com\/index.php\/shop\/\"},{\"@type\":\"ListItem\",\"position\":3,\"name\":\"Ferris Null-Wendekreis M\u00e4her IS 2100 132 cm &#8211; Modell 2022\"}]},{\"@type\":\"WebSite\",\"@id\":\"https:\/\/doysa-agri.com\/#website\",\"url\":\"https:\/\/doysa-agri.com\/\",\"name\":\"Doysa Landwirtschaft\",\"description\":\"Entdecken Sie eine gro\u00dfe Auswahl an landwirtschaftlichen Ger\u00e4ten im Angebot von Doysa Agri. Finden Sie ganz einfach Traktoren, M\u00e4hdrescher, Anh\u00e4nger und mehr.\",\"publisher\":{\"@id\":\"https:\/\/doysa-agri.com\/#organization\"},\"potentialAction\":[{\"@type\":\"SearchAction\",\"target\":{\"@type\":\"EntryPoint\",\"urlTemplate\":\"https:\/\/doysa-agri.com\/?s={search_term_string}\"},\"query-input\":{\"@type\":\"PropertyValueSpecification\",\"valueRequired\":true,\"valueName\":\"search_term_string\"}}],\"inLanguage\":\"de\"},{\"@type\":\"Organization\",\"@id\":\"https:\/\/doysa-agri.com\/#organization\",\"name\":\"Doysa Landwirtschaft\",\"url\":\"https:\/\/doysa-agri.com\/\",\"logo\":{\"@type\":\"ImageObject\",\"inLanguage\":\"de\",\"@id\":\"https:\/\/doysa-agri.com\/#\/schema\/logo\/image\/\",\"url\":\"https:\/\/doysa-agri.com\/wp-content\/uploads\/2024\/05\/Doysa-Agricola_page-LOGO.jpg\",\"contentUrl\":\"https:\/\/doysa-agri.com\/wp-content\/uploads\/2024\/05\/Doysa-Agricola_page-LOGO.jpg\",\"width\":671,\"height\":163,\"caption\":\"Doysa Landwirtschaft\"},\"image\":{\"@id\":\"https:\/\/doysa-agri.com\/#\/schema\/logo\/image\/\"}}]}<\/script>\n<!-- \/ Yoast SEO plugin. -->","yoast_head_json":{"title":"Ferris Null-Wendekreis M\u00e4her IS 2100 132 cm - Modell 2022 - Doysa Landwirtschaft","robots":{"index":"index","follow":"follow","max-snippet":"max-snippet:-1","max-image-preview":"max-image-preview:large","max-video-preview":"max-video-preview:-1"},"canonical":"https:\/\/doysa-agri.com\/index.php\/produkt\/ferris-null-wendekreis-maeher-is-2100-132-cm-modell-2022\/","og_locale":"de_DE","og_type":"article","og_title":"Ferris Null-Wendekreis M\u00e4her IS 2100 132 cm - Modell 2022 - Doysa Landwirtschaft","og_description":"132 cm Schnittbreite \u2022","og_url":"https:\/\/doysa-agri.com\/index.php\/produkt\/ferris-null-wendekreis-maeher-is-2100-132-cm-modell-2022\/","og_site_name":"Doysa Landwirtschaft","article_modified_time":"2024-05-30T15:03:09+00:00","og_image":[{"width":1262,"height":1160,"url":"https:\/\/doysa-agri.com\/wp-content\/uploads\/2024\/05\/Ferris_IS_2100_132_cm_20211226_1800x1800.jpg","type":"image\/jpeg"}],"twitter_card":"summary_large_image","twitter_misc":{"Gesch\u00e4tzte Lesezeit":"1\u00a0Minute"},"schema":{"@context":"https:\/\/schema.org","@graph":[{"@type":"WebPage","@id":"https:\/\/doysa-agri.com\/index.php\/produkt\/ferris-null-wendekreis-maeher-is-2100-132-cm-modell-2022\/","url":"https:\/\/doysa-agri.com\/index.php\/produkt\/ferris-null-wendekreis-maeher-is-2100-132-cm-modell-2022\/","name":"Ferris Null-Wendekreis M\u00e4her IS 2100 132 cm - Modell 2022 - Doysa Landwirtschaft","isPartOf":{"@id":"https:\/\/doysa-agri.com\/#website"},"primaryImageOfPage":{"@id":"https:\/\/doysa-agri.com\/index.php\/produkt\/ferris-null-wendekreis-maeher-is-2100-132-cm-modell-2022\/#primaryimage"},"image":{"@id":"https:\/\/doysa-agri.com\/index.php\/produkt\/ferris-null-wendekreis-maeher-is-2100-132-cm-modell-2022\/#primaryimage"},"thumbnailUrl":"https:\/\/doysa-agri.com\/wp-content\/uploads\/2024\/05\/Ferris_IS_2100_132_cm_20211226_1800x1800.jpg","datePublished":"2023-06-12T20:24:54+00:00","dateModified":"2024-05-30T15:03:09+00:00","breadcrumb":{"@id":"https:\/\/doysa-agri.com\/index.php\/produkt\/ferris-null-wendekreis-maeher-is-2100-132-cm-modell-2022\/#breadcrumb"},"inLanguage":"de","potentialAction":[{"@type":"ReadAction","target":["https:\/\/doysa-agri.com\/index.php\/produkt\/ferris-null-wendekreis-maeher-is-2100-132-cm-modell-2022\/"]}]},{"@type":"ImageObject","inLanguage":"de","@id":"https:\/\/doysa-agri.com\/index.php\/produkt\/ferris-null-wendekreis-maeher-is-2100-132-cm-modell-2022\/#primaryimage","url":"https:\/\/doysa-agri.com\/wp-content\/uploads\/2024\/05\/Ferris_IS_2100_132_cm_20211226_1800x1800.jpg","contentUrl":"https:\/\/doysa-agri.com\/wp-content\/uploads\/2024\/05\/Ferris_IS_2100_132_cm_20211226_1800x1800.jpg","width":1262,"height":1160},{"@type":"BreadcrumbList","@id":"https:\/\/doysa-agri.com\/index.php\/produkt\/ferris-null-wendekreis-maeher-is-2100-132-cm-modell-2022\/#breadcrumb","itemListElement":[{"@type":"ListItem","position":1,"name":"Accueil","item":"https:\/\/doysa-agri.com\/"},{"@type":"ListItem","position":2,"name":"Shop","item":"https:\/\/doysa-agri.com\/index.php\/shop\/"},{"@type":"ListItem","position":3,"name":"Ferris Null-Wendekreis M\u00e4her IS 2100 132 cm &#8211; Modell 2022"}]},{"@type":"WebSite","@id":"https:\/\/doysa-agri.com\/#website","url":"https:\/\/doysa-agri.com\/","name":"Doysa Landwirtschaft","description":"Entdecken Sie eine gro\u00dfe Auswahl an landwirtschaftlichen Ger\u00e4ten im Angebot von Doysa Agri. Finden Sie ganz einfach Traktoren, M\u00e4hdrescher, Anh\u00e4nger und mehr.","publisher":{"@id":"https:\/\/doysa-agri.com\/#organization"},"potentialAction":[{"@type":"SearchAction","target":{"@type":"EntryPoint","urlTemplate":"https:\/\/doysa-agri.com\/?s={search_term_string}"},"query-input":{"@type":"PropertyValueSpecification","valueRequired":true,"valueName":"search_term_string"}}],"inLanguage":"de"},{"@type":"Organization","@id":"https:\/\/doysa-agri.com\/#organization","name":"Doysa Landwirtschaft","url":"https:\/\/doysa-agri.com\/","logo":{"@type":"ImageObject","inLanguage":"de","@id":"https:\/\/doysa-agri.com\/#\/schema\/logo\/image\/","url":"https:\/\/doysa-agri.com\/wp-content\/uploads\/2024\/05\/Doysa-Agricola_page-LOGO.jpg","contentUrl":"https:\/\/doysa-agri.com\/wp-content\/uploads\/2024\/05\/Doysa-Agricola_page-LOGO.jpg","width":671,"height":163,"caption":"Doysa Landwirtschaft"},"image":{"@id":"https:\/\/doysa-agri.com\/#\/schema\/logo\/image\/"}}]}},"jetpack_sharing_enabled":true,"_links":{"self":[{"href":"https:\/\/doysa-agri.com\/index.php\/wp-json\/wp\/v2\/product\/17029","targetHints":{"allow":["GET"]}}],"collection":[{"href":"https:\/\/doysa-agri.com\/index.php\/wp-json\/wp\/v2\/product"}],"about":[{"href":"https:\/\/doysa-agri.com\/index.php\/wp-json\/wp\/v2\/types\/product"}],"replies":[{"embeddable":true,"href":"https:\/\/doysa-agri.com\/index.php\/wp-json\/wp\/v2\/comments?post=17029"}],"version-history":[{"count":2,"href":"https:\/\/doysa-agri.com\/index.php\/wp-json\/wp\/v2\/product\/17029\/revisions"}],"predecessor-version":[{"id":18881,"href":"https:\/\/doysa-agri.com\/index.php\/wp-json\/wp\/v2\/product\/17029\/revisions\/18881"}],"wp:featuredmedia":[{"embeddable":true,"href":"https:\/\/doysa-agri.com\/index.php\/wp-json\/wp\/v2\/media\/17030"}],"wp:attachment":[{"href":"https:\/\/doysa-agri.com\/index.php\/wp-json\/wp\/v2\/media?parent=17029"}],"wp:term":[{"taxonomy":"product_brand","embeddable":true,"href":"https:\/\/doysa-agri.com\/index.php\/wp-json\/wp\/v2\/product_brand?post=17029"},{"taxonomy":"product_cat","embeddable":true,"href":"https:\/\/doysa-agri.com\/index.php\/wp-json\/wp\/v2\/product_cat?post=17029"},{"taxonomy":"product_tag","embeddable":true,"href":"https:\/\/doysa-agri.com\/index.php\/wp-json\/wp\/v2\/product_tag?post=17029"}],"curies":[{"name":"wp","href":"https:\/\/api.w.org\/{rel}","templated":true}]}}