{"id":19013,"date":"2024-07-19T20:01:53","date_gmt":"2024-07-19T18:01:53","guid":{"rendered":"https:\/\/doysa-agri.com\/?post_type=product&#038;p=19013"},"modified":"2024-08-27T19:18:51","modified_gmt":"2024-08-27T17:18:51","slug":"aufsitzmaeher-freischneider-grillo-climber-8-22","status":"publish","type":"product","link":"https:\/\/doysa-agri.com\/index.php\/produkt\/aufsitzmaeher-freischneider-grillo-climber-8-22\/","title":{"rendered":"Aufsitzm\u00e4her Freischneider GRILLO CLIMBER 8.22"},"content":{"rendered":"<div class=\"bloc-caract\">\n<div class=\"name\">Marque<\/div>\n<div class=\"value\">Grillo<\/div>\n<\/div>\n<div class=\"bloc-caract\">\n<div class=\"name\">Cylindr\u00e9e (cm\u00b3)<\/div>\n<div class=\"value\">656<\/div>\n<\/div>\n<div class=\"bloc-caract\">\n<div class=\"name\">Moteur marque<\/div>\n<div class=\"value\">Briggs &amp; Stratton<\/div>\n<\/div>\n<div class=\"bloc-caract\">\n<div class=\"name\">Moteur mod\u00e8le<\/div>\n<div class=\"value\">7220 Professional Series V-Twin<\/div>\n<\/div>\n<div class=\"bloc-caract\">\n<div class=\"name\">Largeur de coupe (cm)<\/div>\n<div class=\"value\">91<\/div>\n<\/div>\n<div class=\"bloc-caract\">\n<div class=\"name\">Entrainement<\/div>\n<div class=\"value\">Autopropuls\u00e9e hydrostatique<\/div>\n<\/div>\n<div class=\"bloc-caract\">\n<div class=\"name\">Surface maximum (m2)<\/div>\n<div class=\"value\">8000<\/div>\n<\/div>\n<div class=\"bloc-caract\">\n<div class=\"name\">Syst\u00e8me de coupe<\/div>\n<div class=\"value\">\u00c9jection arri\u00e8re<br \/>\n\u00c9jection lat\u00e9rale<\/div>\n<\/div>\n<div class=\"bloc-caract\">\n<div class=\"name\">Hauteur de coupe (mm)<\/div>\n<div class=\"value\">35 \u00e0 110<\/div>\n<\/div>\n<div class=\"bloc-caract\">\n<div class=\"name\">Nombre de vitesse<\/div>\n<div class=\"value\">Variable<\/div>\n<\/div>\n<div class=\"bloc-caract\">\n<div class=\"name\">D\u00e9marrage<\/div>\n<div class=\"value\">Electrique<\/div>\n<\/div>\n<div class=\"bloc-caract\">\n<div class=\"name\">Batterie<\/div>\n<div class=\"value\">12 V<\/div>\n<\/div>\n<div class=\"bloc-caract\">\n<div class=\"name\">Enclenchement des lames<\/div>\n<div class=\"value\">Embrayage \u00e9lectromagn\u00e9tique<\/div>\n<\/div>\n<div class=\"bloc-caract\">\n<div class=\"name\">Capacit\u00e9 reservoir (L)<\/div>\n<div class=\"value\">7<\/div>\n<\/div>\n<div class=\"bloc-caract\">\n<div class=\"name\">Diff\u00e9rentiel<\/div>\n<div class=\"value\">Blocage actionn\u00e9 par p\u00e9dale<\/div>\n<\/div>\n<div class=\"bloc-caract\">\n<div class=\"name\">Roues<\/div>\n<div class=\"value\">Avant 3,50-6 TRACTOR avec traitement anti-crevaison, arri\u00e8re 18&#215;9.50-8 ROUES TRACTOR<\/div>\n<\/div>\n<div class=\"bloc-caract\">\n<div class=\"name\">Vitesse d&#8217;avancement<\/div>\n<div class=\"value\">De 0 \u00e0 10 km\/h avec variation continue + marche arri\u00e8re de 0 \u00e0 6 km\/h<\/div>\n<\/div>\n<div class=\"bloc-caract\">\n<div class=\"name\">Carburant<\/div>\n<div class=\"value\">Essence<\/div>\n<\/div>\n<div class=\"bloc-caract\">\n<div class=\"name\">Roues motrices<\/div>\n<div class=\"value\">2 x 4<\/div>\n<\/div>\n<div class=\"bloc-caract\">\n<div class=\"name\">Inclinaison de pente (en \u00b0)<\/div>\n<div class=\"value\">17<\/div>\n<\/div>\n<div class=\"bloc-caract\">\n<div class=\"name\">Boite de vitesse<\/div>\n<div class=\"value\">Hydrostatique<\/div>\n<\/div>\n<div class=\"bloc-caract\">\n<div class=\"name\">Poids (kg)<\/div>\n<div class=\"value\">290<\/div>\n<\/div>\n<div class=\"bloc-caract\">\n<div class=\"name\">Dimensions<\/div>\n<div class=\"value\">196,5 cm x 99 cm x 98 cm<\/div>\n<\/div>\n<div class=\"bloc-caract\">\n<div class=\"name\">Garantie<\/div>\n<div class=\"value\">1 an<\/div>\n<\/div>\n","protected":false},"excerpt":{"rendered":"<p>Das Modell Climber 8.22 ist ein hydrostatischer Freischneider mit Messern, der mit innovativen L\u00f6sungen entwickelt wurde, die seine Leistungen noch weiter steigern.<\/p>\n<p>Er ist serienm\u00e4\u00dfig mit einer professionellen hydrostatischen Achse mit integrierter Differentialsperre, einer elektromagnetischen Kupplung, einer sehr leichtg\u00e4ngigen Lenkung, einem M\u00e4hwerk mit Deflektor f\u00fcr einen besseren Grasauswurf, einem sehr gro\u00dfen Gesamthub der Schnitth\u00f6he, der ein viel schnelleres Man\u00f6vrieren auch bei Hindernissen erm\u00f6glicht, und den \u00fcberdimensionierten Vorderr\u00e4dern 3.50-6 ausgestattet.<\/p>\n<p>\u00dcbersetzt mit DeepL.com (kostenlose Version)<\/p>\n","protected":false},"featured_media":19015,"comment_status":"open","ping_status":"closed","template":"","meta":[],"product_brand":[],"product_cat":[94,89],"product_tag":[],"class_list":{"0":"post-19013","1":"product","2":"type-product","3":"status-publish","4":"has-post-thumbnail","6":"product_cat-aufsitzfrontmaeher","7":"product_cat-bestseller-rasentraktoren","9":"first","10":"instock","11":"taxable","12":"shipping-taxable","13":"purchasable","14":"product-type-simple"},"yoast_head":"<!-- This site is optimized with the Yoast SEO plugin v26.0 - https:\/\/yoast.com\/wordpress\/plugins\/seo\/ -->\n<title>Aufsitzm\u00e4her Freischneider GRILLO CLIMBER 8.22 - Doysa Landwirtschaft<\/title>\n<meta name=\"description\" content=\"Aufsitzm\u00e4her Freischneider GRILLO CLIMBER 8.22 ist ein hydrostatischer Freischneider mit Messern, der mit innovativen L\u00f6sungen entwickelt wurde\" \/>\n<meta name=\"robots\" content=\"index, follow, max-snippet:-1, max-image-preview:large, max-video-preview:-1\" \/>\n<link rel=\"canonical\" href=\"https:\/\/doysa-agri.com\/index.php\/produkt\/aufsitzmaeher-freischneider-grillo-climber-8-22\/\" \/>\n<meta property=\"og:locale\" content=\"de_DE\" \/>\n<meta property=\"og:type\" content=\"article\" \/>\n<meta property=\"og:title\" content=\"Aufsitzm\u00e4her Freischneider GRILLO CLIMBER 8.22 - Doysa Landwirtschaft\" \/>\n<meta property=\"og:description\" content=\"Aufsitzm\u00e4her Freischneider GRILLO CLIMBER 8.22 ist ein hydrostatischer Freischneider mit Messern, der mit innovativen L\u00f6sungen entwickelt wurde\" \/>\n<meta property=\"og:url\" content=\"https:\/\/doysa-agri.com\/index.php\/produkt\/aufsitzmaeher-freischneider-grillo-climber-8-22\/\" \/>\n<meta property=\"og:site_name\" content=\"Doysa Landwirtschaft\" \/>\n<meta property=\"article:modified_time\" content=\"2024-08-27T17:18:51+00:00\" \/>\n<meta property=\"og:image\" content=\"https:\/\/doysa-agri.com\/wp-content\/uploads\/2024\/07\/WhatsApp-Image-2024-06-29-at-14.23.42-1.jpeg\" \/>\n\t<meta property=\"og:image:width\" content=\"1000\" \/>\n\t<meta property=\"og:image:height\" content=\"657\" \/>\n\t<meta property=\"og:image:type\" content=\"image\/jpeg\" \/>\n<meta name=\"twitter:card\" content=\"summary_large_image\" \/>\n<meta name=\"twitter:label1\" content=\"Gesch\u00e4tzte Lesezeit\" \/>\n\t<meta name=\"twitter:data1\" content=\"1\u00a0Minute\" \/>\n<script type=\"application\/ld+json\" class=\"yoast-schema-graph\">{\"@context\":\"https:\/\/schema.org\",\"@graph\":[{\"@type\":\"WebPage\",\"@id\":\"https:\/\/doysa-agri.com\/index.php\/produkt\/aufsitzmaeher-freischneider-grillo-climber-8-22\/\",\"url\":\"https:\/\/doysa-agri.com\/index.php\/produkt\/aufsitzmaeher-freischneider-grillo-climber-8-22\/\",\"name\":\"Aufsitzm\u00e4her Freischneider GRILLO CLIMBER 8.22 - Doysa Landwirtschaft\",\"isPartOf\":{\"@id\":\"https:\/\/doysa-agri.com\/#website\"},\"primaryImageOfPage\":{\"@id\":\"https:\/\/doysa-agri.com\/index.php\/produkt\/aufsitzmaeher-freischneider-grillo-climber-8-22\/#primaryimage\"},\"image\":{\"@id\":\"https:\/\/doysa-agri.com\/index.php\/produkt\/aufsitzmaeher-freischneider-grillo-climber-8-22\/#primaryimage\"},\"thumbnailUrl\":\"https:\/\/doysa-agri.com\/wp-content\/uploads\/2024\/07\/WhatsApp-Image-2024-06-29-at-14.23.42-1.jpeg\",\"datePublished\":\"2024-07-19T18:01:53+00:00\",\"dateModified\":\"2024-08-27T17:18:51+00:00\",\"description\":\"Aufsitzm\u00e4her Freischneider GRILLO CLIMBER 8.22 ist ein hydrostatischer Freischneider mit Messern, der mit innovativen L\u00f6sungen entwickelt wurde\",\"breadcrumb\":{\"@id\":\"https:\/\/doysa-agri.com\/index.php\/produkt\/aufsitzmaeher-freischneider-grillo-climber-8-22\/#breadcrumb\"},\"inLanguage\":\"de\",\"potentialAction\":[{\"@type\":\"ReadAction\",\"target\":[\"https:\/\/doysa-agri.com\/index.php\/produkt\/aufsitzmaeher-freischneider-grillo-climber-8-22\/\"]}]},{\"@type\":\"ImageObject\",\"inLanguage\":\"de\",\"@id\":\"https:\/\/doysa-agri.com\/index.php\/produkt\/aufsitzmaeher-freischneider-grillo-climber-8-22\/#primaryimage\",\"url\":\"https:\/\/doysa-agri.com\/wp-content\/uploads\/2024\/07\/WhatsApp-Image-2024-06-29-at-14.23.42-1.jpeg\",\"contentUrl\":\"https:\/\/doysa-agri.com\/wp-content\/uploads\/2024\/07\/WhatsApp-Image-2024-06-29-at-14.23.42-1.jpeg\",\"width\":1000,\"height\":657},{\"@type\":\"BreadcrumbList\",\"@id\":\"https:\/\/doysa-agri.com\/index.php\/produkt\/aufsitzmaeher-freischneider-grillo-climber-8-22\/#breadcrumb\",\"itemListElement\":[{\"@type\":\"ListItem\",\"position\":1,\"name\":\"Accueil\",\"item\":\"https:\/\/doysa-agri.com\/\"},{\"@type\":\"ListItem\",\"position\":2,\"name\":\"Shop\",\"item\":\"https:\/\/doysa-agri.com\/index.php\/shop\/\"},{\"@type\":\"ListItem\",\"position\":3,\"name\":\"Aufsitzm\u00e4her Freischneider GRILLO CLIMBER 8.22\"}]},{\"@type\":\"WebSite\",\"@id\":\"https:\/\/doysa-agri.com\/#website\",\"url\":\"https:\/\/doysa-agri.com\/\",\"name\":\"Doysa Landwirtschaft\",\"description\":\"Entdecken Sie eine gro\u00dfe Auswahl an landwirtschaftlichen Ger\u00e4ten im Angebot von Doysa Agri. Finden Sie ganz einfach Traktoren, M\u00e4hdrescher, Anh\u00e4nger und mehr.\",\"publisher\":{\"@id\":\"https:\/\/doysa-agri.com\/#organization\"},\"potentialAction\":[{\"@type\":\"SearchAction\",\"target\":{\"@type\":\"EntryPoint\",\"urlTemplate\":\"https:\/\/doysa-agri.com\/?s={search_term_string}\"},\"query-input\":{\"@type\":\"PropertyValueSpecification\",\"valueRequired\":true,\"valueName\":\"search_term_string\"}}],\"inLanguage\":\"de\"},{\"@type\":\"Organization\",\"@id\":\"https:\/\/doysa-agri.com\/#organization\",\"name\":\"Doysa Landwirtschaft\",\"url\":\"https:\/\/doysa-agri.com\/\",\"logo\":{\"@type\":\"ImageObject\",\"inLanguage\":\"de\",\"@id\":\"https:\/\/doysa-agri.com\/#\/schema\/logo\/image\/\",\"url\":\"https:\/\/doysa-agri.com\/wp-content\/uploads\/2024\/05\/Doysa-Agricola_page-LOGO.jpg\",\"contentUrl\":\"https:\/\/doysa-agri.com\/wp-content\/uploads\/2024\/05\/Doysa-Agricola_page-LOGO.jpg\",\"width\":671,\"height\":163,\"caption\":\"Doysa Landwirtschaft\"},\"image\":{\"@id\":\"https:\/\/doysa-agri.com\/#\/schema\/logo\/image\/\"}}]}<\/script>\n<!-- \/ Yoast SEO plugin. -->","yoast_head_json":{"title":"Aufsitzm\u00e4her Freischneider GRILLO CLIMBER 8.22 - Doysa Landwirtschaft","description":"Aufsitzm\u00e4her Freischneider GRILLO CLIMBER 8.22 ist ein hydrostatischer Freischneider mit Messern, der mit innovativen L\u00f6sungen entwickelt wurde","robots":{"index":"index","follow":"follow","max-snippet":"max-snippet:-1","max-image-preview":"max-image-preview:large","max-video-preview":"max-video-preview:-1"},"canonical":"https:\/\/doysa-agri.com\/index.php\/produkt\/aufsitzmaeher-freischneider-grillo-climber-8-22\/","og_locale":"de_DE","og_type":"article","og_title":"Aufsitzm\u00e4her Freischneider GRILLO CLIMBER 8.22 - Doysa Landwirtschaft","og_description":"Aufsitzm\u00e4her Freischneider GRILLO CLIMBER 8.22 ist ein hydrostatischer Freischneider mit Messern, der mit innovativen L\u00f6sungen entwickelt wurde","og_url":"https:\/\/doysa-agri.com\/index.php\/produkt\/aufsitzmaeher-freischneider-grillo-climber-8-22\/","og_site_name":"Doysa Landwirtschaft","article_modified_time":"2024-08-27T17:18:51+00:00","og_image":[{"width":1000,"height":657,"url":"https:\/\/doysa-agri.com\/wp-content\/uploads\/2024\/07\/WhatsApp-Image-2024-06-29-at-14.23.42-1.jpeg","type":"image\/jpeg"}],"twitter_card":"summary_large_image","twitter_misc":{"Gesch\u00e4tzte Lesezeit":"1\u00a0Minute"},"schema":{"@context":"https:\/\/schema.org","@graph":[{"@type":"WebPage","@id":"https:\/\/doysa-agri.com\/index.php\/produkt\/aufsitzmaeher-freischneider-grillo-climber-8-22\/","url":"https:\/\/doysa-agri.com\/index.php\/produkt\/aufsitzmaeher-freischneider-grillo-climber-8-22\/","name":"Aufsitzm\u00e4her Freischneider GRILLO CLIMBER 8.22 - Doysa Landwirtschaft","isPartOf":{"@id":"https:\/\/doysa-agri.com\/#website"},"primaryImageOfPage":{"@id":"https:\/\/doysa-agri.com\/index.php\/produkt\/aufsitzmaeher-freischneider-grillo-climber-8-22\/#primaryimage"},"image":{"@id":"https:\/\/doysa-agri.com\/index.php\/produkt\/aufsitzmaeher-freischneider-grillo-climber-8-22\/#primaryimage"},"thumbnailUrl":"https:\/\/doysa-agri.com\/wp-content\/uploads\/2024\/07\/WhatsApp-Image-2024-06-29-at-14.23.42-1.jpeg","datePublished":"2024-07-19T18:01:53+00:00","dateModified":"2024-08-27T17:18:51+00:00","description":"Aufsitzm\u00e4her Freischneider GRILLO CLIMBER 8.22 ist ein hydrostatischer Freischneider mit Messern, der mit innovativen L\u00f6sungen entwickelt wurde","breadcrumb":{"@id":"https:\/\/doysa-agri.com\/index.php\/produkt\/aufsitzmaeher-freischneider-grillo-climber-8-22\/#breadcrumb"},"inLanguage":"de","potentialAction":[{"@type":"ReadAction","target":["https:\/\/doysa-agri.com\/index.php\/produkt\/aufsitzmaeher-freischneider-grillo-climber-8-22\/"]}]},{"@type":"ImageObject","inLanguage":"de","@id":"https:\/\/doysa-agri.com\/index.php\/produkt\/aufsitzmaeher-freischneider-grillo-climber-8-22\/#primaryimage","url":"https:\/\/doysa-agri.com\/wp-content\/uploads\/2024\/07\/WhatsApp-Image-2024-06-29-at-14.23.42-1.jpeg","contentUrl":"https:\/\/doysa-agri.com\/wp-content\/uploads\/2024\/07\/WhatsApp-Image-2024-06-29-at-14.23.42-1.jpeg","width":1000,"height":657},{"@type":"BreadcrumbList","@id":"https:\/\/doysa-agri.com\/index.php\/produkt\/aufsitzmaeher-freischneider-grillo-climber-8-22\/#breadcrumb","itemListElement":[{"@type":"ListItem","position":1,"name":"Accueil","item":"https:\/\/doysa-agri.com\/"},{"@type":"ListItem","position":2,"name":"Shop","item":"https:\/\/doysa-agri.com\/index.php\/shop\/"},{"@type":"ListItem","position":3,"name":"Aufsitzm\u00e4her Freischneider GRILLO CLIMBER 8.22"}]},{"@type":"WebSite","@id":"https:\/\/doysa-agri.com\/#website","url":"https:\/\/doysa-agri.com\/","name":"Doysa Landwirtschaft","description":"Entdecken Sie eine gro\u00dfe Auswahl an landwirtschaftlichen Ger\u00e4ten im Angebot von Doysa Agri. Finden Sie ganz einfach Traktoren, M\u00e4hdrescher, Anh\u00e4nger und mehr.","publisher":{"@id":"https:\/\/doysa-agri.com\/#organization"},"potentialAction":[{"@type":"SearchAction","target":{"@type":"EntryPoint","urlTemplate":"https:\/\/doysa-agri.com\/?s={search_term_string}"},"query-input":{"@type":"PropertyValueSpecification","valueRequired":true,"valueName":"search_term_string"}}],"inLanguage":"de"},{"@type":"Organization","@id":"https:\/\/doysa-agri.com\/#organization","name":"Doysa Landwirtschaft","url":"https:\/\/doysa-agri.com\/","logo":{"@type":"ImageObject","inLanguage":"de","@id":"https:\/\/doysa-agri.com\/#\/schema\/logo\/image\/","url":"https:\/\/doysa-agri.com\/wp-content\/uploads\/2024\/05\/Doysa-Agricola_page-LOGO.jpg","contentUrl":"https:\/\/doysa-agri.com\/wp-content\/uploads\/2024\/05\/Doysa-Agricola_page-LOGO.jpg","width":671,"height":163,"caption":"Doysa Landwirtschaft"},"image":{"@id":"https:\/\/doysa-agri.com\/#\/schema\/logo\/image\/"}}]}},"jetpack_sharing_enabled":true,"_links":{"self":[{"href":"https:\/\/doysa-agri.com\/index.php\/wp-json\/wp\/v2\/product\/19013","targetHints":{"allow":["GET"]}}],"collection":[{"href":"https:\/\/doysa-agri.com\/index.php\/wp-json\/wp\/v2\/product"}],"about":[{"href":"https:\/\/doysa-agri.com\/index.php\/wp-json\/wp\/v2\/types\/product"}],"replies":[{"embeddable":true,"href":"https:\/\/doysa-agri.com\/index.php\/wp-json\/wp\/v2\/comments?post=19013"}],"version-history":[{"count":1,"href":"https:\/\/doysa-agri.com\/index.php\/wp-json\/wp\/v2\/product\/19013\/revisions"}],"predecessor-version":[{"id":19021,"href":"https:\/\/doysa-agri.com\/index.php\/wp-json\/wp\/v2\/product\/19013\/revisions\/19021"}],"wp:featuredmedia":[{"embeddable":true,"href":"https:\/\/doysa-agri.com\/index.php\/wp-json\/wp\/v2\/media\/19015"}],"wp:attachment":[{"href":"https:\/\/doysa-agri.com\/index.php\/wp-json\/wp\/v2\/media?parent=19013"}],"wp:term":[{"taxonomy":"product_brand","embeddable":true,"href":"https:\/\/doysa-agri.com\/index.php\/wp-json\/wp\/v2\/product_brand?post=19013"},{"taxonomy":"product_cat","embeddable":true,"href":"https:\/\/doysa-agri.com\/index.php\/wp-json\/wp\/v2\/product_cat?post=19013"},{"taxonomy":"product_tag","embeddable":true,"href":"https:\/\/doysa-agri.com\/index.php\/wp-json\/wp\/v2\/product_tag?post=19013"}],"curies":[{"name":"wp","href":"https:\/\/api.w.org\/{rel}","templated":true}]}}