{"id":19595,"date":"2025-01-03T08:43:59","date_gmt":"2025-01-03T07:43:59","guid":{"rendered":"https:\/\/doysa-agri.com\/?post_type=product&#038;p=19595"},"modified":"2025-01-03T08:51:10","modified_gmt":"2025-01-03T07:51:10","slug":"marmorkamin-1-197-0-7-kw-nero-assoluto-radiante-450-30-k-ecoplus","status":"publish","type":"product","link":"https:\/\/doysa-agri.com\/index.php\/produkt\/marmorkamin-1-197-0-7-kw-nero-assoluto-radiante-450-30-k-ecoplus\/","title":{"rendered":"Marmorkamin 1\/197.0 7 kW &#8211; Nero-Assoluto &#8211; Radiante 450\/30 K ECOplus"},"content":{"rendered":"<div class=\"kmt-tablist-content kmt-tablist-content--active\">\n<h2 class=\"kmt-tablist-head\">Beschreibung<\/h2>\n<div class=\"kmt-tablist-body\">\n<div id=\"description\" class=\"kmt-textblock\">\n<p>Sims und Kamineinfassung sind beim HARK Marmorkamin 1\/197.0 aus dunklem, poliertem Marmor gefertigt und bilden einen reizvollen Kontrast zu den Putzfl\u00e4chen der \u00fcbrigen Verkleidung, die in einer Wunschfarbe gestrichen werden kann.<\/p>\n<p>Die HARK ECOplus-Verbrennungstechnologie mit keramischem Feinstaubfilter, ausgekl\u00fcgelter Luftf\u00fchrung und einer Feuerraumauskleidung aus Spezialkeramik sorgt f\u00fcr eine hocheffiziente und umweltschonende Verbrennung. Die Feinstaub-Emissionen werden auf einen Wert reduziert, der weit unter der gesetzlich vorgegebenen Grenze liegt.<\/p>\n<\/div>\n<\/div>\n<\/div>\n<div class=\"kmt-tablist-content kmt-tablist-content--active\">\n<h2 class=\"kmt-tablist-head\">Technische Daten<\/h2>\n<div class=\"kmt-tablist-body\">\n<div id=\"attributes\" class=\"kmt-tablefeed\">\n<table class=\"kmt-table kmt-table--list\">\n<caption>Ausstattung<\/caption>\n<tbody>\n<tr class=\"kmt-attrgrp-item\">\n<th class=\"kmt-attrgrp-itemtitle\">Ascherost<\/th>\n<td class=\"kmt-attrgrp-value\" data-title=\"Ascherost\">Planrost<\/td>\n<\/tr>\n<tr class=\"kmt-attrgrp-item\">\n<th class=\"kmt-attrgrp-itemtitle\">Gussmulde<\/th>\n<td class=\"kmt-attrgrp-value\" data-title=\"Gussmulde\">nein<\/td>\n<\/tr>\n<tr class=\"kmt-attrgrp-item\">\n<th class=\"kmt-attrgrp-itemtitle\">Sekund\u00e4rluft<\/th>\n<td class=\"kmt-attrgrp-value\" data-title=\"Sekund\u00e4rluft\">ja<\/td>\n<\/tr>\n<tr class=\"kmt-attrgrp-item\">\n<th class=\"kmt-attrgrp-itemtitle\">Prim\u00e4rluft<\/th>\n<td class=\"kmt-attrgrp-value\" data-title=\"Prim\u00e4rluft\">ja<\/td>\n<\/tr>\n<tr class=\"kmt-attrgrp-item\">\n<th class=\"kmt-attrgrp-itemtitle\">Terti\u00e4rluft<\/th>\n<td class=\"kmt-attrgrp-value\" data-title=\"Terti\u00e4rluft\">ja<\/td>\n<\/tr>\n<\/tbody>\n<\/table>\n<table class=\"kmt-table kmt-table--list\">\n<caption>Brennstoffe<\/caption>\n<tbody>\n<tr class=\"kmt-attrgrp-item\">\n<th class=\"kmt-attrgrp-itemtitle\">Brennstoff Scheitholz<\/th>\n<td class=\"kmt-attrgrp-value\" data-title=\"Brennstoff Scheitholz\">ja<\/td>\n<\/tr>\n<tr class=\"kmt-attrgrp-item\">\n<th class=\"kmt-attrgrp-itemtitle\">Brennstoff Braunkohlebriketts<\/th>\n<td class=\"kmt-attrgrp-value\" data-title=\"Brennstoff Braunkohlebriketts\">ja<\/td>\n<\/tr>\n<tr class=\"kmt-attrgrp-item\">\n<th class=\"kmt-attrgrp-itemtitle\">Brennstoff Steinkohle<\/th>\n<td class=\"kmt-attrgrp-value\" data-title=\"Brennstoff Steinkohle\">nein<\/td>\n<\/tr>\n<tr class=\"kmt-attrgrp-item\">\n<th class=\"kmt-attrgrp-itemtitle\">Brennstoff Pellets<\/th>\n<td class=\"kmt-attrgrp-value\" data-title=\"Brennstoff Pellets\">nein<\/td>\n<\/tr>\n<tr class=\"kmt-attrgrp-item\">\n<th class=\"kmt-attrgrp-itemtitle\">Brenngel<\/th>\n<td class=\"kmt-attrgrp-value\" data-title=\"Brenngel\">nein<\/td>\n<\/tr>\n<tr class=\"kmt-attrgrp-item\">\n<th class=\"kmt-attrgrp-itemtitle\">Brennstoff Ethanol<\/th>\n<td class=\"kmt-attrgrp-value\" data-title=\"Brennstoff Ethanol\">nein<\/td>\n<\/tr>\n<\/tbody>\n<\/table>\n<table class=\"kmt-table kmt-table--list\">\n<caption>Anschl\u00fcsse (Mitte Rohr)<\/caption>\n<tbody>\n<tr class=\"kmt-attrgrp-item\">\n<th class=\"kmt-attrgrp-itemtitle\">Anschlussh\u00f6he hinten (mm)<\/th>\n<td class=\"kmt-attrgrp-value\" data-title=\"Anschlussh\u00f6he hinten (mm)\">0<\/td>\n<\/tr>\n<tr class=\"kmt-attrgrp-item\">\n<th class=\"kmt-attrgrp-itemtitle\">Anschlussh\u00f6he oben (mm)<\/th>\n<td class=\"kmt-attrgrp-value\" data-title=\"Anschlussh\u00f6he oben (mm)\">0<\/td>\n<\/tr>\n<tr class=\"kmt-attrgrp-item\">\n<th class=\"kmt-attrgrp-itemtitle\">Durchmesser Rauchrohr (mm)<\/th>\n<td class=\"kmt-attrgrp-value\" data-title=\"Durchmesser Rauchrohr (mm)\">150<\/td>\n<\/tr>\n<tr class=\"kmt-attrgrp-item\">\n<th class=\"kmt-attrgrp-itemtitle\">\u00d8 externe Verbr.-luftzufuhr (mm)<\/th>\n<td class=\"kmt-attrgrp-value\" data-title=\"\u00d8 externe Verbr.-luftzufuhr (mm)\">125<\/td>\n<\/tr>\n<\/tbody>\n<\/table>\n<table class=\"kmt-table kmt-table--list\">\n<caption>Abmessungen<\/caption>\n<tbody>\n<tr class=\"kmt-attrgrp-item\">\n<th class=\"kmt-attrgrp-itemtitle\">H\u00f6he ext. Verbr.-luftzufuhr (mm)<\/th>\n<td class=\"kmt-attrgrp-value\" data-title=\"H\u00f6he ext. Verbr.-luftzufuhr (mm)\">0<\/td>\n<\/tr>\n<tr class=\"kmt-attrgrp-item\">\n<th class=\"kmt-attrgrp-itemtitle\">sichtbares Scheibenma\u00df Breite<\/th>\n<td class=\"kmt-attrgrp-value\" data-title=\"sichtbares Scheibenma\u00df Breite\">453<\/td>\n<\/tr>\n<tr class=\"kmt-attrgrp-item\">\n<th class=\"kmt-attrgrp-itemtitle\">sichtbares Scheibenma\u00df H\u00f6he<\/th>\n<td class=\"kmt-attrgrp-value\" data-title=\"sichtbares Scheibenma\u00df H\u00f6he\">440<\/td>\n<\/tr>\n<tr class=\"kmt-attrgrp-item\">\n<th class=\"kmt-attrgrp-itemtitle\">Ma\u00dfe Feuerraum Breite<\/th>\n<td class=\"kmt-attrgrp-value\" data-title=\"Ma\u00dfe Feuerraum Breite\">320<\/td>\n<\/tr>\n<tr class=\"kmt-attrgrp-item\">\n<th class=\"kmt-attrgrp-itemtitle\">Optimale Scheitholzl\u00e4nge (mm)<\/th>\n<td class=\"kmt-attrgrp-value\" data-title=\"Optimale Scheitholzl\u00e4nge (mm)\">250<\/td>\n<\/tr>\n<tr class=\"kmt-attrgrp-item\">\n<th class=\"kmt-attrgrp-itemtitle\">H\u00f6he (cm)<\/th>\n<td class=\"kmt-attrgrp-value\" data-title=\"H\u00f6he (cm)\">188<\/td>\n<\/tr>\n<tr class=\"kmt-attrgrp-item\">\n<th class=\"kmt-attrgrp-itemtitle\">Breite (cm)<\/th>\n<td class=\"kmt-attrgrp-value\" data-title=\"Breite (cm)\">71<\/td>\n<\/tr>\n<tr class=\"kmt-attrgrp-item\">\n<th class=\"kmt-attrgrp-itemtitle\">Tiefe (cm)<\/th>\n<td class=\"kmt-attrgrp-value\" data-title=\"Tiefe (cm)\">70<\/td>\n<\/tr>\n<tr class=\"kmt-attrgrp-item\">\n<th class=\"kmt-attrgrp-itemtitle\">Gewicht (kg)<\/th>\n<td class=\"kmt-attrgrp-value\" data-title=\"Gewicht (kg)\">300<\/td>\n<\/tr>\n<\/tbody>\n<\/table>\n<table class=\"kmt-table kmt-table--list\">\n<caption>Grundinformationen<\/caption>\n<tbody>\n<tr class=\"kmt-attrgrp-item\">\n<th class=\"kmt-attrgrp-itemtitle\">Nennw\u00e4rmeleistung (kW)<\/th>\n<td class=\"kmt-attrgrp-value\" data-title=\"Nennw\u00e4rmeleistung (kW)\">7<\/td>\n<\/tr>\n<tr class=\"kmt-attrgrp-item\">\n<th class=\"kmt-attrgrp-itemtitle\">Energielabel<\/th>\n<td class=\"kmt-attrgrp-value\" data-title=\"Energielabel\">A+<\/td>\n<\/tr>\n<tr class=\"kmt-attrgrp-item\">\n<th class=\"kmt-attrgrp-itemtitle\">Feuersicht<\/th>\n<td class=\"kmt-attrgrp-value\" data-title=\"Feuersicht\">3-Seitenverglasung<\/td>\n<\/tr>\n<tr class=\"kmt-attrgrp-item\">\n<th class=\"kmt-attrgrp-itemtitle\">EAN<\/th>\n<td class=\"kmt-attrgrp-value\" data-title=\"EAN\">4040396916956<\/td>\n<\/tr>\n<\/tbody>\n<\/table>\n<\/div>\n<\/div>\n<\/div>\n","protected":false},"excerpt":{"rendered":"<div class=\"kmt-stackedfeed-item kmt-benefitlist-item\">\n<div class=\"kmt-benefitlist-textblock\">\n<p class=\"p\">Energie : <a class=\"p bold\">Besonders hoher Wirkungsgrad<\/a><\/p>\n<\/div>\n<\/div>\n<div class=\"kmt-stackedfeed-item kmt-benefitlist-item\">\n<div class=\"kmt-benefitlist-textblock\">\n<p class=\"p\">Design : <a class=\"p bold\">Platzsparend<\/a><\/p>\n<\/div>\n<\/div>\n<div class=\"kmt-stackedfeed-item kmt-benefitlist-item\">\n<div class=\"kmt-benefitlist-textblock\">\n<p class=\"p\">Komfort : <a class=\"p bold\">Eigenmontage m\u00f6glich<\/a><\/p>\n<\/div>\n<\/div>\n","protected":false},"featured_media":19712,"comment_status":"open","ping_status":"closed","template":"","meta":[],"product_brand":[],"product_cat":[109],"product_tag":[],"class_list":{"0":"post-19595","1":"product","2":"type-product","3":"status-publish","4":"has-post-thumbnail","6":"product_cat-kamine","8":"first","9":"instock","10":"sale","11":"taxable","12":"shipping-taxable","13":"purchasable","14":"product-type-simple"},"yoast_head":"<!-- This site is optimized with the Yoast SEO plugin v26.0 - https:\/\/yoast.com\/wordpress\/plugins\/seo\/ -->\n<title>Marmorkamin 1\/197.0 7 kW - Nero-Assoluto - Radiante 450\/30 K ECOplus - Doysa Landwirtschaft<\/title>\n<meta name=\"robots\" content=\"index, follow, max-snippet:-1, max-image-preview:large, max-video-preview:-1\" \/>\n<link rel=\"canonical\" href=\"https:\/\/doysa-agri.com\/index.php\/produkt\/marmorkamin-1-197-0-7-kw-nero-assoluto-radiante-450-30-k-ecoplus\/\" \/>\n<meta property=\"og:locale\" content=\"de_DE\" \/>\n<meta property=\"og:type\" content=\"article\" \/>\n<meta property=\"og:title\" content=\"Marmorkamin 1\/197.0 7 kW - Nero-Assoluto - Radiante 450\/30 K ECOplus - Doysa Landwirtschaft\" \/>\n<meta property=\"og:description\" content=\"Energie : Besonders hoher Wirkungsgrad      Design : Platzsparend      Komfort : Eigenmontage m\u00f6glich\" \/>\n<meta property=\"og:url\" content=\"https:\/\/doysa-agri.com\/index.php\/produkt\/marmorkamin-1-197-0-7-kw-nero-assoluto-radiante-450-30-k-ecoplus\/\" \/>\n<meta property=\"og:site_name\" content=\"Doysa Landwirtschaft\" \/>\n<meta property=\"article:modified_time\" content=\"2025-01-03T07:51:10+00:00\" \/>\n<meta name=\"twitter:card\" content=\"summary_large_image\" \/>\n<meta name=\"twitter:label1\" content=\"Gesch\u00e4tzte Lesezeit\" \/>\n\t<meta name=\"twitter:data1\" content=\"1\u00a0Minute\" \/>\n<script type=\"application\/ld+json\" class=\"yoast-schema-graph\">{\"@context\":\"https:\/\/schema.org\",\"@graph\":[{\"@type\":\"WebPage\",\"@id\":\"https:\/\/doysa-agri.com\/index.php\/produkt\/marmorkamin-1-197-0-7-kw-nero-assoluto-radiante-450-30-k-ecoplus\/\",\"url\":\"https:\/\/doysa-agri.com\/index.php\/produkt\/marmorkamin-1-197-0-7-kw-nero-assoluto-radiante-450-30-k-ecoplus\/\",\"name\":\"Marmorkamin 1\/197.0 7 kW - Nero-Assoluto - Radiante 450\/30 K ECOplus - Doysa Landwirtschaft\",\"isPartOf\":{\"@id\":\"https:\/\/doysa-agri.com\/#website\"},\"primaryImageOfPage\":{\"@id\":\"https:\/\/doysa-agri.com\/index.php\/produkt\/marmorkamin-1-197-0-7-kw-nero-assoluto-radiante-450-30-k-ecoplus\/#primaryimage\"},\"image\":{\"@id\":\"https:\/\/doysa-agri.com\/index.php\/produkt\/marmorkamin-1-197-0-7-kw-nero-assoluto-radiante-450-30-k-ecoplus\/#primaryimage\"},\"thumbnailUrl\":\"https:\/\/doysa-agri.com\/wp-content\/uploads\/2025\/01\/c11970kv021p070lxx.png\",\"datePublished\":\"2025-01-03T07:43:59+00:00\",\"dateModified\":\"2025-01-03T07:51:10+00:00\",\"breadcrumb\":{\"@id\":\"https:\/\/doysa-agri.com\/index.php\/produkt\/marmorkamin-1-197-0-7-kw-nero-assoluto-radiante-450-30-k-ecoplus\/#breadcrumb\"},\"inLanguage\":\"de\",\"potentialAction\":[{\"@type\":\"ReadAction\",\"target\":[\"https:\/\/doysa-agri.com\/index.php\/produkt\/marmorkamin-1-197-0-7-kw-nero-assoluto-radiante-450-30-k-ecoplus\/\"]}]},{\"@type\":\"ImageObject\",\"inLanguage\":\"de\",\"@id\":\"https:\/\/doysa-agri.com\/index.php\/produkt\/marmorkamin-1-197-0-7-kw-nero-assoluto-radiante-450-30-k-ecoplus\/#primaryimage\",\"url\":\"https:\/\/doysa-agri.com\/wp-content\/uploads\/2025\/01\/c11970kv021p070lxx.png\",\"contentUrl\":\"https:\/\/doysa-agri.com\/wp-content\/uploads\/2025\/01\/c11970kv021p070lxx.png\",\"width\":808,\"height\":808},{\"@type\":\"BreadcrumbList\",\"@id\":\"https:\/\/doysa-agri.com\/index.php\/produkt\/marmorkamin-1-197-0-7-kw-nero-assoluto-radiante-450-30-k-ecoplus\/#breadcrumb\",\"itemListElement\":[{\"@type\":\"ListItem\",\"position\":1,\"name\":\"Accueil\",\"item\":\"https:\/\/doysa-agri.com\/\"},{\"@type\":\"ListItem\",\"position\":2,\"name\":\"Shop\",\"item\":\"https:\/\/doysa-agri.com\/index.php\/shop\/\"},{\"@type\":\"ListItem\",\"position\":3,\"name\":\"Marmorkamin 1\/197.0 7 kW &#8211; Nero-Assoluto &#8211; Radiante 450\/30 K ECOplus\"}]},{\"@type\":\"WebSite\",\"@id\":\"https:\/\/doysa-agri.com\/#website\",\"url\":\"https:\/\/doysa-agri.com\/\",\"name\":\"Doysa Landwirtschaft\",\"description\":\"Entdecken Sie eine gro\u00dfe Auswahl an landwirtschaftlichen Ger\u00e4ten im Angebot von Doysa Agri. Finden Sie ganz einfach Traktoren, M\u00e4hdrescher, Anh\u00e4nger und mehr.\",\"publisher\":{\"@id\":\"https:\/\/doysa-agri.com\/#organization\"},\"potentialAction\":[{\"@type\":\"SearchAction\",\"target\":{\"@type\":\"EntryPoint\",\"urlTemplate\":\"https:\/\/doysa-agri.com\/?s={search_term_string}\"},\"query-input\":{\"@type\":\"PropertyValueSpecification\",\"valueRequired\":true,\"valueName\":\"search_term_string\"}}],\"inLanguage\":\"de\"},{\"@type\":\"Organization\",\"@id\":\"https:\/\/doysa-agri.com\/#organization\",\"name\":\"Doysa Landwirtschaft\",\"url\":\"https:\/\/doysa-agri.com\/\",\"logo\":{\"@type\":\"ImageObject\",\"inLanguage\":\"de\",\"@id\":\"https:\/\/doysa-agri.com\/#\/schema\/logo\/image\/\",\"url\":\"https:\/\/doysa-agri.com\/wp-content\/uploads\/2024\/05\/Doysa-Agricola_page-LOGO.jpg\",\"contentUrl\":\"https:\/\/doysa-agri.com\/wp-content\/uploads\/2024\/05\/Doysa-Agricola_page-LOGO.jpg\",\"width\":671,\"height\":163,\"caption\":\"Doysa Landwirtschaft\"},\"image\":{\"@id\":\"https:\/\/doysa-agri.com\/#\/schema\/logo\/image\/\"}}]}<\/script>\n<!-- \/ Yoast SEO plugin. -->","yoast_head_json":{"title":"Marmorkamin 1\/197.0 7 kW - Nero-Assoluto - Radiante 450\/30 K ECOplus - Doysa Landwirtschaft","robots":{"index":"index","follow":"follow","max-snippet":"max-snippet:-1","max-image-preview":"max-image-preview:large","max-video-preview":"max-video-preview:-1"},"canonical":"https:\/\/doysa-agri.com\/index.php\/produkt\/marmorkamin-1-197-0-7-kw-nero-assoluto-radiante-450-30-k-ecoplus\/","og_locale":"de_DE","og_type":"article","og_title":"Marmorkamin 1\/197.0 7 kW - Nero-Assoluto - Radiante 450\/30 K ECOplus - Doysa Landwirtschaft","og_description":"Energie : Besonders hoher Wirkungsgrad      Design : Platzsparend      Komfort : Eigenmontage m\u00f6glich","og_url":"https:\/\/doysa-agri.com\/index.php\/produkt\/marmorkamin-1-197-0-7-kw-nero-assoluto-radiante-450-30-k-ecoplus\/","og_site_name":"Doysa Landwirtschaft","article_modified_time":"2025-01-03T07:51:10+00:00","twitter_card":"summary_large_image","twitter_misc":{"Gesch\u00e4tzte Lesezeit":"1\u00a0Minute"},"schema":{"@context":"https:\/\/schema.org","@graph":[{"@type":"WebPage","@id":"https:\/\/doysa-agri.com\/index.php\/produkt\/marmorkamin-1-197-0-7-kw-nero-assoluto-radiante-450-30-k-ecoplus\/","url":"https:\/\/doysa-agri.com\/index.php\/produkt\/marmorkamin-1-197-0-7-kw-nero-assoluto-radiante-450-30-k-ecoplus\/","name":"Marmorkamin 1\/197.0 7 kW - Nero-Assoluto - Radiante 450\/30 K ECOplus - Doysa Landwirtschaft","isPartOf":{"@id":"https:\/\/doysa-agri.com\/#website"},"primaryImageOfPage":{"@id":"https:\/\/doysa-agri.com\/index.php\/produkt\/marmorkamin-1-197-0-7-kw-nero-assoluto-radiante-450-30-k-ecoplus\/#primaryimage"},"image":{"@id":"https:\/\/doysa-agri.com\/index.php\/produkt\/marmorkamin-1-197-0-7-kw-nero-assoluto-radiante-450-30-k-ecoplus\/#primaryimage"},"thumbnailUrl":"https:\/\/doysa-agri.com\/wp-content\/uploads\/2025\/01\/c11970kv021p070lxx.png","datePublished":"2025-01-03T07:43:59+00:00","dateModified":"2025-01-03T07:51:10+00:00","breadcrumb":{"@id":"https:\/\/doysa-agri.com\/index.php\/produkt\/marmorkamin-1-197-0-7-kw-nero-assoluto-radiante-450-30-k-ecoplus\/#breadcrumb"},"inLanguage":"de","potentialAction":[{"@type":"ReadAction","target":["https:\/\/doysa-agri.com\/index.php\/produkt\/marmorkamin-1-197-0-7-kw-nero-assoluto-radiante-450-30-k-ecoplus\/"]}]},{"@type":"ImageObject","inLanguage":"de","@id":"https:\/\/doysa-agri.com\/index.php\/produkt\/marmorkamin-1-197-0-7-kw-nero-assoluto-radiante-450-30-k-ecoplus\/#primaryimage","url":"https:\/\/doysa-agri.com\/wp-content\/uploads\/2025\/01\/c11970kv021p070lxx.png","contentUrl":"https:\/\/doysa-agri.com\/wp-content\/uploads\/2025\/01\/c11970kv021p070lxx.png","width":808,"height":808},{"@type":"BreadcrumbList","@id":"https:\/\/doysa-agri.com\/index.php\/produkt\/marmorkamin-1-197-0-7-kw-nero-assoluto-radiante-450-30-k-ecoplus\/#breadcrumb","itemListElement":[{"@type":"ListItem","position":1,"name":"Accueil","item":"https:\/\/doysa-agri.com\/"},{"@type":"ListItem","position":2,"name":"Shop","item":"https:\/\/doysa-agri.com\/index.php\/shop\/"},{"@type":"ListItem","position":3,"name":"Marmorkamin 1\/197.0 7 kW &#8211; Nero-Assoluto &#8211; Radiante 450\/30 K ECOplus"}]},{"@type":"WebSite","@id":"https:\/\/doysa-agri.com\/#website","url":"https:\/\/doysa-agri.com\/","name":"Doysa Landwirtschaft","description":"Entdecken Sie eine gro\u00dfe Auswahl an landwirtschaftlichen Ger\u00e4ten im Angebot von Doysa Agri. Finden Sie ganz einfach Traktoren, M\u00e4hdrescher, Anh\u00e4nger und mehr.","publisher":{"@id":"https:\/\/doysa-agri.com\/#organization"},"potentialAction":[{"@type":"SearchAction","target":{"@type":"EntryPoint","urlTemplate":"https:\/\/doysa-agri.com\/?s={search_term_string}"},"query-input":{"@type":"PropertyValueSpecification","valueRequired":true,"valueName":"search_term_string"}}],"inLanguage":"de"},{"@type":"Organization","@id":"https:\/\/doysa-agri.com\/#organization","name":"Doysa Landwirtschaft","url":"https:\/\/doysa-agri.com\/","logo":{"@type":"ImageObject","inLanguage":"de","@id":"https:\/\/doysa-agri.com\/#\/schema\/logo\/image\/","url":"https:\/\/doysa-agri.com\/wp-content\/uploads\/2024\/05\/Doysa-Agricola_page-LOGO.jpg","contentUrl":"https:\/\/doysa-agri.com\/wp-content\/uploads\/2024\/05\/Doysa-Agricola_page-LOGO.jpg","width":671,"height":163,"caption":"Doysa Landwirtschaft"},"image":{"@id":"https:\/\/doysa-agri.com\/#\/schema\/logo\/image\/"}}]}},"jetpack_sharing_enabled":true,"_links":{"self":[{"href":"https:\/\/doysa-agri.com\/index.php\/wp-json\/wp\/v2\/product\/19595","targetHints":{"allow":["GET"]}}],"collection":[{"href":"https:\/\/doysa-agri.com\/index.php\/wp-json\/wp\/v2\/product"}],"about":[{"href":"https:\/\/doysa-agri.com\/index.php\/wp-json\/wp\/v2\/types\/product"}],"replies":[{"embeddable":true,"href":"https:\/\/doysa-agri.com\/index.php\/wp-json\/wp\/v2\/comments?post=19595"}],"version-history":[{"count":1,"href":"https:\/\/doysa-agri.com\/index.php\/wp-json\/wp\/v2\/product\/19595\/revisions"}],"predecessor-version":[{"id":19713,"href":"https:\/\/doysa-agri.com\/index.php\/wp-json\/wp\/v2\/product\/19595\/revisions\/19713"}],"wp:featuredmedia":[{"embeddable":true,"href":"https:\/\/doysa-agri.com\/index.php\/wp-json\/wp\/v2\/media\/19712"}],"wp:attachment":[{"href":"https:\/\/doysa-agri.com\/index.php\/wp-json\/wp\/v2\/media?parent=19595"}],"wp:term":[{"taxonomy":"product_brand","embeddable":true,"href":"https:\/\/doysa-agri.com\/index.php\/wp-json\/wp\/v2\/product_brand?post=19595"},{"taxonomy":"product_cat","embeddable":true,"href":"https:\/\/doysa-agri.com\/index.php\/wp-json\/wp\/v2\/product_cat?post=19595"},{"taxonomy":"product_tag","embeddable":true,"href":"https:\/\/doysa-agri.com\/index.php\/wp-json\/wp\/v2\/product_tag?post=19595"}],"curies":[{"name":"wp","href":"https:\/\/api.w.org\/{rel}","templated":true}]}}